{"id":10814,"date":"2023-09-24T20:49:06","date_gmt":"2023-09-24T20:49:06","guid":{"rendered":"https:\/\/greenrococo.hu\/?post_type=product&#038;p=10814"},"modified":"2026-02-03T10:48:19","modified_gmt":"2026-02-03T10:48:19","slug":"nebula-hair","status":"publish","type":"product","link":"https:\/\/greenrococo.hu\/en\/shop\/nebula-hair\/","title":{"rendered":"NEBULA"},"content":{"rendered":"<div class=\"wpb-content-wrapper\"><p>[vc_row full_width=&#8221;stretch_row&#8221; content_placement=&#8221;middle&#8221; woodmart_disable_overflow=&#8221;1&#8243; css=&#8221;.vc_custom_1616528231533{margin-bottom: 0px !important;padding-top: 3vh !important;padding-bottom: 4vh !important;background-position: center !important;background-repeat: no-repeat !important;background-size: cover !important;}&#8221; mobile_bg_img_hidden=&#8221;no&#8221; tablet_bg_img_hidden=&#8221;no&#8221; woodmart_parallax=&#8221;0&#8243; woodmart_gradient_switch=&#8221;no&#8221; row_reverse_mobile=&#8221;0&#8243; row_reverse_tablet=&#8221;0&#8243;][vc_column width=&#8221;1\/3&#8243; css=&#8221;.vc_custom_1614800708616{margin-bottom: 0px !important;padding-top: 0px !important;padding-bottom: 0px !important;}&#8221; mobile_bg_img_hidden=&#8221;no&#8221; tablet_bg_img_hidden=&#8221;no&#8221; woodmart_parallax=&#8221;0&#8243; woodmart_sticky_column=&#8221;false&#8221; parallax_scroll=&#8221;no&#8221; mobile_reset_margin=&#8221;no&#8221; tablet_reset_margin=&#8221;no&#8221;][vc_row_inner][vc_column_inner width=&#8221;2\/12&#8243;][\/vc_column_inner][vc_column_inner width=&#8221;10\/12&#8243;]\t\t\t<div id=\"wd-6510a75238c7d\" class=\"wd-text-block-wrapper wd-wpb wd-rs-6510a75238c7d color-scheme- text-center  product-page-list\">\n\t\t\t\t<div class=\"woodmart-title-container woodmart-text-block reset-last-child font-primary wd-font-weight- wd-fontsize-l\">\n\t\t\t\t\t<\/p>\n<ul>\n<li>\n<div>Soothes the scalp and helps reduce dandruff.<\/div>\n<\/li>\n<li>\n<div>Nourishes and softens.<\/div>\n<\/li>\n<li>\n<div>Strengthens and adds shine to hair strands.<\/div>\n<\/li>\n<\/ul>\n<p>\t\t\t\t<\/div>\n\n\t\t\t\t\t\t\t<\/div>\n\t\t[\/vc_column_inner][\/vc_row_inner][\/vc_column][vc_column width=&#8221;2\/3&#8243; css=&#8221;.vc_custom_1616578145758{margin-top: 0px !important;padding-top: 0px !important;}&#8221; mobile_bg_img_hidden=&#8221;no&#8221; tablet_bg_img_hidden=&#8221;no&#8221; woodmart_parallax=&#8221;0&#8243; woodmart_sticky_column=&#8221;false&#8221; parallax_scroll=&#8221;no&#8221; mobile_reset_margin=&#8221;no&#8221; tablet_reset_margin=&#8221;no&#8221; el_class=&#8221;description-column&#8221;]\t\t\t<div id=\"wd-6510a393132a8\" class=\"wd-text-block-wrapper wd-wpb wd-rs-6510a393132a8 color-scheme- text-left wd-width-enabled vc_custom_1695589287684\" style=\"--wd-max-width: 90%;\">\n\t\t\t\t<div class=\"woodmart-title-container woodmart-text-block reset-last-child font-primary wd-font-weight-600 \">\n\t\t\t\t\tTerm\u00e9szetes hajkezel\u00e9s, amely f\u00e9nyess\u00e9 \u00e9s puh\u00e1v\u00e1 var\u00e1zsolja a hajsz\u00e1lakat. Ez a haj\u00f6bl\u00edt\u0151 kever\u00e9k, olyan \u00e1sv\u00e1nyi anyagokban \u00e9s vitaminokban gazdag gy\u00f3gyn\u00f6v\u00e9nyeket tartalmaz, amelyek t\u00e1pl\u00e1lj\u00e1k a fejb\u0151rt az eg\u00e9szs\u00e9gesebb, er\u0151sebb haj \u00e9rdek\u00e9ben. Csillap\u00edtj\u00e1k a fejb\u0151r gyullad\u00e1s\u00e1t, fokozz\u00e1k a v\u00e9rkering\u00e9st, serkentik a haj n\u00f6veked\u00e9s\u00e9t, er\u0151s\u00edtik a hajhagym\u00e1kat, megel\u0151zik a hajhull\u00e1st \u00e9s a korp\u00e1sod\u00e1st.\t\t\t\t<\/div>\n\n\t\t\t\t\t\t\t<\/div>\n\t\t\t\t\t<div id=\"wd-6510aab078efb\" class=\"wd-text-block-wrapper wd-wpb wd-rs-6510aab078efb color-scheme- text-left vc_custom_1695591094732 good-to-know\">\n\t\t\t\t<div class=\"woodmart-title-container woodmart-text-block reset-last-child font-primary wd-font-weight-600 \">\n\t\t\t\t\t<strong>J\u00f3 tudni:<\/strong> Ha m\u00e9g f\u00e9nyesebb hajat szeretne, adjon 1-2 ev\u0151kan\u00e1l almaecetet a kih\u0171lt hajkondicion\u00e1l\u00f3hoz.\t\t\t\t<\/div>\n\n\t\t\t\t\t\t\t<\/div>\n\t\t[\/vc_column][\/vc_row][vc_row full_width=&#8221;stretch_row_content_no_spaces&#8221; equal_height=&#8221;yes&#8221; woodmart_bg_position=&#8221;right-center&#8221; css=&#8221;.vc_custom_1616939739788{margin-bottom: 8vh !important;background-position: center !important;background-repeat: no-repeat !important;background-size: contain !important;}&#8221; el_class=&#8221;tablet-bg-img-hidden&#8221; mobile_bg_img_hidden=&#8221;no&#8221; tablet_bg_img_hidden=&#8221;no&#8221; woodmart_parallax=&#8221;0&#8243; woodmart_gradient_switch=&#8221;no&#8221; row_reverse_mobile=&#8221;0&#8243; row_reverse_tablet=&#8221;0&#8243; woodmart_disable_overflow=&#8221;0&#8243;][vc_column width=&#8221;1\/2&#8243; css=&#8221;.vc_custom_1616939648748{margin-bottom: 0px !important;padding-top: 0px !important;padding-bottom: 0px !important;}&#8221; offset=&#8221;vc_col-lg-6 vc_col-xs-12&#8243; mobile_bg_img_hidden=&#8221;no&#8221; tablet_bg_img_hidden=&#8221;no&#8221; woodmart_parallax=&#8221;0&#8243; woodmart_sticky_column=&#8221;false&#8221; parallax_scroll=&#8221;no&#8221; mobile_reset_margin=&#8221;no&#8221; tablet_reset_margin=&#8221;no&#8221;]\t\t<div id=\"gallery_405\" class=\"wd-images-gallery wd-wpb wd-rs-6510a5fcc437b\" style=\"--wd-justify-content:center;--wd-align-items:center;\">\n\t\t\t\n\t\t\t<div class=\" wd-grid-g\" style=\"--wd-col-lg:1;--wd-col-md:1;--wd-col-sm:1;--wd-gap-lg:0px;\">\n\t\t\t\t\n\t\t\t\t\t\t\t\t\t\t\t\t\t\t\t<div class=\"wd-gallery-item wd-col\">\n\t\t\t\t\t\t\t\n\t\t\t\t\t\t\t\t<img loading=\"lazy\" decoding=\"async\" width=\"2560\" height=\"1707\" src=\"https:\/\/greenrococo.hu\/wp-content\/uploads\/2023\/09\/1695391123348-scaled.jpg\" class=\"wd-gallery-image image-1\" alt=\"\" srcset=\"https:\/\/greenrococo.hu\/wp-content\/uploads\/2023\/09\/1695391123348-scaled.jpg 2560w, https:\/\/greenrococo.hu\/wp-content\/uploads\/2023\/09\/1695391123348-scaled-150x100.jpg 150w, https:\/\/greenrococo.hu\/wp-content\/uploads\/2023\/09\/1695391123348-scaled-1000x667.jpg 1000w, https:\/\/greenrococo.hu\/wp-content\/uploads\/2023\/09\/1695391123348-300x200.jpg 300w, https:\/\/greenrococo.hu\/wp-content\/uploads\/2023\/09\/1695391123348-1024x683.jpg 1024w, https:\/\/greenrococo.hu\/wp-content\/uploads\/2023\/09\/1695391123348-768x512.jpg 768w, https:\/\/greenrococo.hu\/wp-content\/uploads\/2023\/09\/1695391123348-1536x1024.jpg 1536w, https:\/\/greenrococo.hu\/wp-content\/uploads\/2023\/09\/1695391123348-2048x1365.jpg 2048w\" sizes=\"auto, (max-width: 2560px) 100vw, 2560px\" \/>\n\t\t\t\t\t\t\t\t\t\t\t\t\t\t<\/div>\n\t\t\t\t\t\t\t\t\t\t\t<div class=\"wd-gallery-item wd-col\">\n\t\t\t\t\t\t\t\n\t\t\t\t\t\t\t\t<img loading=\"lazy\" decoding=\"async\" width=\"2560\" height=\"1705\" src=\"https:\/\/greenrococo.hu\/wp-content\/uploads\/2023\/09\/1695391123259-scaled.jpg\" class=\"wd-gallery-image image-2\" alt=\"\" srcset=\"https:\/\/greenrococo.hu\/wp-content\/uploads\/2023\/09\/1695391123259-scaled.jpg 2560w, https:\/\/greenrococo.hu\/wp-content\/uploads\/2023\/09\/1695391123259-scaled-150x100.jpg 150w, https:\/\/greenrococo.hu\/wp-content\/uploads\/2023\/09\/1695391123259-scaled-1000x666.jpg 1000w, https:\/\/greenrococo.hu\/wp-content\/uploads\/2023\/09\/1695391123259-300x200.jpg 300w, https:\/\/greenrococo.hu\/wp-content\/uploads\/2023\/09\/1695391123259-1024x682.jpg 1024w, https:\/\/greenrococo.hu\/wp-content\/uploads\/2023\/09\/1695391123259-768x511.jpg 768w, https:\/\/greenrococo.hu\/wp-content\/uploads\/2023\/09\/1695391123259-1536x1023.jpg 1536w, https:\/\/greenrococo.hu\/wp-content\/uploads\/2023\/09\/1695391123259-2048x1364.jpg 2048w\" sizes=\"auto, (max-width: 2560px) 100vw, 2560px\" \/>\n\t\t\t\t\t\t\t\t\t\t\t\t\t\t<\/div>\n\t\t\t\t\t\t\t\t\t\n\t\t\t\t\t\t\t<\/div>\n\n\t\t\t\t\t<\/div>\n\t\t[\/vc_column][vc_column width=&#8221;1\/2&#8243; woodmart_bg_position=&#8221;right-center&#8221; css=&#8221;.vc_custom_1616939749624{padding-top: 0px !important;padding-right: 15px !important;padding-left: 25px !important;background-position: 0 0 !important;background-repeat: no-repeat !important;}&#8221; offset=&#8221;vc_col-lg-4 vc_col-md-6 vc_col-xs-12&#8243; mobile_bg_img_hidden=&#8221;no&#8221; tablet_bg_img_hidden=&#8221;no&#8221; woodmart_parallax=&#8221;0&#8243; woodmart_sticky_column=&#8221;true&#8221; parallax_scroll=&#8221;no&#8221; mobile_reset_margin=&#8221;no&#8221; tablet_reset_margin=&#8221;no&#8221;]<div class=\"templatera_shortcode\"><style type=\"text\/css\" data-type=\"vc_shortcodes-custom-css\">.vc_custom_1618555047408{margin-top: 0px !important;margin-bottom: 0px !important;}.vc_custom_1618554983244{margin-top: 50px !important;margin-bottom: 25px !important;}<\/style><div class=\"vc_row wpb_row vc_row-fluid kiemelt-head vc_custom_1618555047408 wd-rs-60789e36c6a09\"><div class=\"wpb_column vc_column_container vc_col-sm-12\"><div class=\"vc_column-inner\"><div class=\"wpb_wrapper\">\n\t\t<div id=\"wd-60793065bd667\" class=\"title-wrapper wd-wpb wd-set-mb reset-last-child  wd-rs-60793065bd667 wd-title-color-default wd-title-style-default text-left kiemelt-head vc_custom_1618554983244 wd-underline-colored\">\n\t\t\t\n\t\t\t<div class=\"liner-continer\">\n\t\t\t\t<h4 class=\"woodmart-title-container title  wd-font-weight-200 wd-fontsize-l\" >Kiemelt \u00f6sszetev\u0151k<\/h4>\n\t\t\t\t\t\t\t<\/div>\n\t\t\t\n\t\t\t\n\t\t\t\n\t\t<\/div>\n\t\t\n\t\t<\/div><\/div><\/div><\/div><\/div>[vc_tta_accordion style=&#8221;modern&#8221; shape=&#8221;square&#8221; color=&#8221;white&#8221; active_section=&#8221;1&#8243; no_fill=&#8221;true&#8221; collapsible_all=&#8221;true&#8221;][vc_tta_section title=&#8221;Rozmaring&#8221; tab_id=&#8221;1619970366075-3a4d0893-513a&#8221;][vc_column_text woodmart_inline=&#8221;no&#8221; text_larger=&#8221;no&#8221;]Fokozza a fejb\u0151r v\u00e9rkering\u00e9st, serkenti a haj n\u00f6veked\u00e9s\u00e9t \u00e9s cs\u00f6kkenti a korp\u00e1sod\u00e1st. Antibakteri\u00e1lis hat\u00e1s\u00fa.[\/vc_column_text][\/vc_tta_section][vc_tta_section title=&#8221;Kamilla&#8221; tab_id=&#8221;1614807235638-ec4aa3dd-1ee3&#8243;][vc_row_inner][vc_column_inner width=&#8221;1\/2&#8243;][vc_column_text text_larger=&#8221;no&#8221; woodmart_inline=&#8221;no&#8221;]Kis m\u00e9rt\u00e9kben sz\u0151k\u00edt\u0151 hat\u00e1sa van, visszaadja a tincsek eredeti f\u00e9ny\u00e9t \u00e9s \u00e9l\u00e9nk sz\u00edn\u00e9t, nyugtatja a fejb\u0151rt.[\/vc_column_text][vc_empty_space woodmart_hide_large=&#8221;0&#8243; woodmart_hide_medium=&#8221;0&#8243; woodmart_hide_small=&#8221;0&#8243; woodmart_hide_extra_small=&#8221;0&#8243;][\/vc_column_inner][vc_column_inner width=&#8221;1\/2&#8243;][vc_single_image image=&#8221;10824&#8243; img_size=&#8221;363&#215;365&#8243; parallax_scroll=&#8221;no&#8221; css=&#8221;.vc_custom_1695590830672{padding-right: 20px !important;padding-bottom: 20px !important;padding-left: 20px !important;}&#8221; woodmart_inline=&#8221;no&#8221;][\/vc_column_inner][\/vc_row_inner][\/vc_tta_section][vc_tta_section title=&#8221;Zsurl\u00f3&#8221; tab_id=&#8221;15c8a-5821&#8243;][vc_column_text text_larger=&#8221;no&#8221; woodmart_inline=&#8221;no&#8221;]Sz\u00e1mos \u00e1sv\u00e1nyi anyagot \u00e9s nyomelemet tartalmaz, p\u00e9ld\u00e1ul szil\u00edciumot, mang\u00e1nt, k\u00e1liumot, k\u00e9nt \u00e9s magn\u00e9ziumot. Serkenti a v\u00e9rkering\u00e9st, er\u0151s\u00edti a hajat \u00e9s a fejb\u0151rt.[\/vc_column_text][\/vc_tta_section][vc_tta_section title=&#8221;Orvosi levendula&#8221; tab_id=&#8221;1484049984302-e0b553b6-82dc5c8a-5821&#8243;][vc_column_text text_larger=&#8221;no&#8221; woodmart_inline=&#8221;no&#8221;]Antibakteri\u00e1lis \u00e9s nyugtat\u00f3 hat\u00e1s\u00fa, csillap\u00edtja a viszket\u00e9st.[\/vc_column_text][\/vc_tta_section][vc_tta_section title=&#8221;Csal\u00e1n&#8221; tab_id=&#8221;1484057271889-b3b2ad15-15f75c8a-5821&#8243;][vc_column_text text_larger=&#8221;no&#8221; woodmart_inline=&#8221;no&#8221;]Gazdag \u00e1sv\u00e1nyi anyagokban, p\u00e9ld\u00e1ul k\u00e1liumban, szil\u00edciumban, magn\u00e9ziumban \u00e9s vasban, ami serkenti a fejb\u0151rt, cs\u00f6kkenti a korp\u00e1sod\u00e1st \u00e9s a viszket\u00e9st. C-vitaminban is gazdag.[\/vc_column_text][\/vc_tta_section][vc_tta_section title=&#8221;Bab\u00e9r&#8221; tab_id=&#8221;1695638686186-f214bce5-2108&#8243;][vc_column_text woodmart_inline=&#8221;no&#8221; text_larger=&#8221;no&#8221;]Az\u00e1ltal, hogy fokozza a fejb\u0151r kering\u00e9s\u00e9t, t\u00f6bb t\u00e1panyag jut a hajgy\u00f6k\u00e9rbe, \u00edgy fokozza a hajn\u00f6veked\u00e9st.\u00a0 Cs\u00f6kkenti a korp\u00e1sod\u00e1st. Csillog\u00e1st ad a hajnak.[\/vc_column_text][\/vc_tta_section][\/vc_tta_accordion][vc_empty_space woodmart_hide_large=&#8221;0&#8243; woodmart_hide_medium=&#8221;0&#8243; woodmart_hide_small=&#8221;0&#8243; woodmart_hide_extra_small=&#8221;0&#8243;]\n\t\t<div id=\"wd-60608a1f0c181\" class=\"title-wrapper wd-wpb wd-set-mb reset-last-child  wd-rs-60608a1f0c181 wd-title-color-default wd-title-style-default text-left vc_custom_1616939554374 wd-underline-colored\">\n\t\t\t\n\t\t\t<div class=\"liner-continer\">\n\t\t\t\t<h4 class=\"woodmart-title-container title  wd-font-weight- wd-fontsize-l\" >\u00d6sszes \u00f6sszetev\u0151<\/h4>\n\t\t\t\t\t\t\t<\/div>\n\t\t\t\n\t\t\t\n\t\t\t\n\t\t<\/div>\n\t\t\n\t\t\t\t\t<div id=\"wd-6511646f61cd4\" class=\"wd-text-block-wrapper wd-wpb wd-rs-6511646f61cd4 color-scheme- text-left wd-width-enabled \" style=\"--wd-max-width: 90%;\">\n\t\t\t\t<div class=\"woodmart-title-container woodmart-text-block reset-last-child font-primary wd-font-weight-300 \">\n\t\t\t\t\t\u00d6sszes \u00f6sszetev\u0151: Rosmarinus officinalis leaf, Laurus nobilis leaf, Tillia cordata flower, Urtica dioica leaf, Equisetum arvense stem\/leaf, Matricaria chamomilla flower, Lavandula angustifolia flower, Mentha piperita leaf, Calendula officinalis flower\t\t\t\t<\/div>\n\n\t\t\t\t\t\t\t<\/div>\n\t\t[\/vc_column][\/vc_row][vc_row full_width=&#8221;stretch_row&#8221; content_placement=&#8221;middle&#8221; woodmart_disable_overflow=&#8221;1&#8243; css=&#8221;.vc_custom_1614810535242{margin-bottom: 0px !important;padding-top: 3vh !important;padding-bottom: 4vh !important;background-color: #f7f7f7 !important;background-position: center !important;background-repeat: no-repeat !important;background-size: cover !important;}&#8221; mobile_bg_img_hidden=&#8221;no&#8221; tablet_bg_img_hidden=&#8221;no&#8221; woodmart_parallax=&#8221;0&#8243; woodmart_gradient_switch=&#8221;no&#8221; row_reverse_mobile=&#8221;0&#8243; row_reverse_tablet=&#8221;0&#8243;][vc_column width=&#8221;1\/4&#8243; css=&#8221;.vc_custom_1614800708616{margin-bottom: 0px !important;padding-top: 0px !important;padding-bottom: 0px !important;}&#8221; mobile_bg_img_hidden=&#8221;no&#8221; tablet_bg_img_hidden=&#8221;no&#8221; woodmart_parallax=&#8221;0&#8243; woodmart_sticky_column=&#8221;false&#8221; parallax_scroll=&#8221;no&#8221; mobile_reset_margin=&#8221;no&#8221; tablet_reset_margin=&#8221;no&#8221;]<div class=\"templatera_shortcode\"><style type=\"text\/css\" data-type=\"vc_shortcodes-custom-css\">.vc_custom_1618555084474{margin-top: 25px !important;margin-bottom: 25px !important;}<\/style><div class=\"vc_row wpb_row vc_row-fluid hasznalat-head wd-rs-60789f0adf267\"><div class=\"wpb_column vc_column_container vc_col-sm-12\"><div class=\"vc_column-inner\"><div class=\"wpb_wrapper\">\n\t\t<div id=\"wd-607930cb0ef64\" class=\"title-wrapper wd-wpb wd-set-mb reset-last-child  wd-rs-607930cb0ef64 wd-title-color-default wd-title-style-default text-left hasznalat-head vc_custom_1618555084474 wd-underline-colored\">\n\t\t\t\n\t\t\t<div class=\"liner-continer\">\n\t\t\t\t<h4 class=\"woodmart-title-container title  wd-font-weight-200 wd-fontsize-l\" >Haszn\u00e1lat<\/h4>\n\t\t\t\t\t\t\t<\/div>\n\t\t\t\n\t\t\t\n\t\t\t\n\t\t<\/div>\n\t\t\n\t\t<\/div><\/div><\/div><\/div><\/div>[\/vc_column][vc_column width=&#8221;2\/4&#8243;]\t\t\t<div id=\"wd-6510a437ec4f5\" class=\"wd-text-block-wrapper wd-wpb wd-rs-6510a437ec4f5 color-scheme- text-left wd-width-enabled \" style=\"--wd-max-width: 90%;\">\n\t\t\t\t<div class=\"woodmart-title-container woodmart-text-block reset-last-child font-primary wd-font-weight-600 \">\n\t\t\t\t\t\u00d6nts\u00f6n le 2 ev\u0151kan\u00e1lnyi kever\u00e9ket 500 ml forr\u00f3 v\u00edzzel \u00e9s hagyja lefedve \u00e1zni legal\u00e1bb 15-30 percig. Sz\u0171rje le a gy\u00f3gyn\u00f6v\u00e9nyeket, \u00e9s adjon hozz\u00e1 500 ml hideg vizet, hogy a f\u0151zet langyosra h\u0171lj\u00f6n. A PELAGUS Szil\u00e1rd samponnal t\u00f6rt\u00e9n\u0151 hajmos\u00e1s, majd \u00f6bl\u00edt\u00e9s ut\u00e1n, lassan \u00f6ntse a gy\u00f3gyn\u00f6v\u00e9nyes f\u0151zetet a haj\u00e1ra \u00e9s gyeng\u00e9den massz\u00edrozza be a fejb\u0151rbe. Haszn\u00e1lhat egy t\u00e1lat is, hogy felfogja a gy\u00f3gyn\u00f6v\u00e9nyes vizet \u00e9s ezzel \u00f6bl\u00edtsen tov\u00e1bbi 4-5 alkalommal. Nem sz\u00fcks\u00e9ges ki\u00f6bl\u00edteni.<br \/>\nHetente 1-2 alkalommal haszn\u00e1lja.\t\t\t\t<\/div>\n\n\t\t\t\t\t\t\t<\/div>\n\t\t[\/vc_column][vc_column width=&#8221;1\/4&#8243;][\/vc_column][\/vc_row]<\/p>\n<\/div>","protected":false},"excerpt":{"rendered":"<p>Herbal hair rinse<\/p>\n<p>45 gram<\/p>\n<p>Active ingredients: Rosmary leaf, Linden blossom, Nettle leaf, Horstail stem\/leaf, Blue chamomilla flower, Lavender flower, Peppermint leaf, Marigold flower, Bay leaf<\/p>\n<p>&nbsp;<\/p>\n","protected":false},"featured_media":10819,"comment_status":"open","ping_status":"closed","template":"","meta":[],"product_brand":[],"product_cat":[723],"product_tag":[],"class_list":{"0":"post-10814","1":"product","2":"type-product","3":"status-publish","4":"has-post-thumbnail","6":"product_cat-body-and-hair","8":"first","9":"instock","10":"shipping-taxable","11":"purchasable","12":"product-type-simple"},"_links":{"self":[{"href":"https:\/\/greenrococo.hu\/en\/wp-json\/wp\/v2\/product\/10814","targetHints":{"allow":["GET"]}}],"collection":[{"href":"https:\/\/greenrococo.hu\/en\/wp-json\/wp\/v2\/product"}],"about":[{"href":"https:\/\/greenrococo.hu\/en\/wp-json\/wp\/v2\/types\/product"}],"replies":[{"embeddable":true,"href":"https:\/\/greenrococo.hu\/en\/wp-json\/wp\/v2\/comments?post=10814"}],"wp:featuredmedia":[{"embeddable":true,"href":"https:\/\/greenrococo.hu\/en\/wp-json\/wp\/v2\/media\/10819"}],"wp:attachment":[{"href":"https:\/\/greenrococo.hu\/en\/wp-json\/wp\/v2\/media?parent=10814"}],"wp:term":[{"taxonomy":"product_brand","embeddable":true,"href":"https:\/\/greenrococo.hu\/en\/wp-json\/wp\/v2\/product_brand?post=10814"},{"taxonomy":"product_cat","embeddable":true,"href":"https:\/\/greenrococo.hu\/en\/wp-json\/wp\/v2\/product_cat?post=10814"},{"taxonomy":"product_tag","embeddable":true,"href":"https:\/\/greenrococo.hu\/en\/wp-json\/wp\/v2\/product_tag?post=10814"}],"curies":[{"name":"wp","href":"https:\/\/api.w.org\/{rel}","templated":true}]}}