{"id":9885,"date":"2021-11-26T14:03:28","date_gmt":"2021-11-26T14:03:28","guid":{"rendered":"https:\/\/greenrococo.hu\/shop\/marsala-masking-bowl-set\/"},"modified":"2026-02-03T12:01:11","modified_gmt":"2026-02-03T12:01:11","slug":"marsala-masking-bowl-set","status":"publish","type":"product","link":"https:\/\/greenrococo.hu\/en\/shop\/marsala-masking-bowl-set\/","title":{"rendered":"MARSALA + masking bowl"},"content":{"rendered":"<div class=\"wpb-content-wrapper\"><p>[vc_row full_width=&#8221;stretch_row&#8221; content_placement=&#8221;middle&#8221; woodmart_disable_overflow=&#8221;1&#8243; css=&#8221;.vc_custom_1614810535242{margin-bottom: 0px !important;padding-top: 3vh !important;padding-bottom: 4vh !important;background-color: #f7f7f7 !important;background-position: center !important;background-repeat: no-repeat !important;background-size: cover !important;}&#8221; mobile_bg_img_hidden=&#8221;no&#8221; tablet_bg_img_hidden=&#8221;no&#8221; woodmart_parallax=&#8221;0&#8243; woodmart_gradient_switch=&#8221;no&#8221; row_reverse_mobile=&#8221;0&#8243; row_reverse_tablet=&#8221;0&#8243;][vc_column width=&#8221;1\/4&#8243; css=&#8221;.vc_custom_1614800708616{margin-bottom: 0px !important;padding-top: 0px !important;padding-bottom: 0px !important;}&#8221; mobile_bg_img_hidden=&#8221;no&#8221; tablet_bg_img_hidden=&#8221;no&#8221; woodmart_parallax=&#8221;0&#8243; woodmart_sticky_column=&#8221;false&#8221; parallax_scroll=&#8221;no&#8221; mobile_reset_margin=&#8221;no&#8221; tablet_reset_margin=&#8221;no&#8221;]<div class=\"templatera_shortcode\"><style type=\"text\/css\" data-type=\"vc_shortcodes-custom-css\">.vc_custom_1692773704943{margin-top: 25px !important;margin-bottom: 25px !important;}<\/style><div class=\"vc_row wpb_row vc_row-fluid hasznalat-head wd-rs-60789f0adf267\"><div class=\"wpb_column vc_column_container vc_col-sm-12\"><div class=\"vc_column-inner\"><div class=\"wpb_wrapper\">\n\t\t<div id=\"wd-64e5ad44ec438\" class=\"title-wrapper wd-wpb wd-set-mb reset-last-child  wd-rs-64e5ad44ec438 wd-title-color-default wd-title-style-default text-left hasznalat-head vc_custom_1692773704943 wd-underline-colored\">\n\t\t\t\n\t\t\t<div class=\"liner-continer\">\n\t\t\t\t<h4 class=\"woodmart-title-container title  wd-font-weight-200 wd-fontsize-l\" >How to use<\/h4>\n\t\t\t\t\t\t\t<\/div>\n\t\t\t\n\t\t\t\n\t\t\t\n\t\t<\/div>\n\t\t\n\t\t<\/div><\/div><\/div><\/div>\r\n<\/div>[\/vc_column][vc_column width=&#8221;2\/4&#8243;]\t\t\t<div id=\"wd-6477387c8c132\" class=\"wd-text-block-wrapper wd-wpb wd-rs-6477387c8c132 color-scheme- text-left wd-width-enabled \" style=\"--wd-max-width: 90%;\">\n\t\t\t\t<div class=\"woodmart-title-container woodmart-text-block reset-last-child font-primary wd-font-weight-600 \">\n\t\t\t\t\tUse 1-2 times a week on a clean complexion. Put 2 teaspoons of clay in the bowl, add water, hydrosol, honey or yoghurt drop by drop to make a spreadable mass. For extra pampering, you can also add a few drops of Greenrococo ACTIVE vegetable oil serum. Apply evenly to the face in a circular motion, avoiding the eye and mouth area. You can also use it on the neck, d\u00e9collet\u00e9 and back! \u00a0After about 10 minutes, when the mask starts to dry, re-moisten it. You can also use our MIST face spray. Then massage it thoroughly over the skin and finally rinse it off.<\/p>\n<p>Avoid using metal tools. Do not get water in the jar.\t\t\t\t<\/div>\n\n\t\t\t\t\t\t\t<\/div>\n\t\t[\/vc_column][vc_column width=&#8221;1\/4&#8243;][\/vc_column][\/vc_row]<\/p>\n<\/div>","protected":false},"excerpt":{"rendered":"<p>You can easily mix our MARSALA regenerating face mask in the masking bowl, specially designed for this purpose. We send it in cotton bags with the GREENROCOCO logo.<\/p>\n<p><strong>The set includes:<\/strong><\/p>\n<p>ezetten erre a c\u00e9lra tervezt\u00fcnk. GREENROCOCO log\u00f3val ell\u00e1tott pamutzs\u00e1kban k\u00fcldj\u00fck. A rendel\u00e9s megjegyz\u00e9s rovat\u00e1ba k\u00e9rj\u00fck \u00edrja meg, melyik fajta kever\u0151t\u00e1lk\u00e1t (s\u00e1rga vagy p\u00f6tty\u00f6s agyag) szeretn\u00e9.<\/p>\n<p><strong>A szett tartalma:<\/strong><\/p>\n<ul>\n<li><a href=\"https:\/\/greenrococo.hu\/en\/shop\/marsala-skin-renewal-face-mask\/\">MARSALA Skin renewal face mask and exfoliant 60 gr<\/a><\/li>\n<li><a href=\"https:\/\/greenrococo.hu\/en\/shop\/ceramic-masking-bowl\/\">GREENROCOCO x Esze Dorka ceramic masking bowl<\/a><\/li>\n<li>hand-sewn cotton bag<\/li>\n<\/ul>\n","protected":false},"featured_media":11542,"comment_status":"open","ping_status":"closed","template":"","meta":[],"product_brand":[],"product_cat":[726],"product_tag":[],"class_list":{"0":"post-9885","1":"product","2":"type-product","3":"status-publish","4":"has-post-thumbnail","6":"product_cat-sets","8":"first","9":"instock","10":"shipping-taxable","11":"purchasable","12":"product-type-simple"},"_links":{"self":[{"href":"https:\/\/greenrococo.hu\/en\/wp-json\/wp\/v2\/product\/9885","targetHints":{"allow":["GET"]}}],"collection":[{"href":"https:\/\/greenrococo.hu\/en\/wp-json\/wp\/v2\/product"}],"about":[{"href":"https:\/\/greenrococo.hu\/en\/wp-json\/wp\/v2\/types\/product"}],"replies":[{"embeddable":true,"href":"https:\/\/greenrococo.hu\/en\/wp-json\/wp\/v2\/comments?post=9885"}],"wp:featuredmedia":[{"embeddable":true,"href":"https:\/\/greenrococo.hu\/en\/wp-json\/wp\/v2\/media\/11542"}],"wp:attachment":[{"href":"https:\/\/greenrococo.hu\/en\/wp-json\/wp\/v2\/media?parent=9885"}],"wp:term":[{"taxonomy":"product_brand","embeddable":true,"href":"https:\/\/greenrococo.hu\/en\/wp-json\/wp\/v2\/product_brand?post=9885"},{"taxonomy":"product_cat","embeddable":true,"href":"https:\/\/greenrococo.hu\/en\/wp-json\/wp\/v2\/product_cat?post=9885"},{"taxonomy":"product_tag","embeddable":true,"href":"https:\/\/greenrococo.hu\/en\/wp-json\/wp\/v2\/product_tag?post=9885"}],"curies":[{"name":"wp","href":"https:\/\/api.w.org\/{rel}","templated":true}]}}