{"id":9928,"date":"2021-03-29T19:17:37","date_gmt":"2021-03-29T19:17:37","guid":{"rendered":"https:\/\/greenrococo.hu\/shop\/zephyr-antioxidant-moisturizer\/"},"modified":"2026-02-14T00:07:57","modified_gmt":"2026-02-14T00:07:57","slug":"zephyr-antioxidant-moisturizer","status":"publish","type":"product","link":"https:\/\/greenrococo.hu\/en\/shop\/zephyr-antioxidant-moisturizer\/","title":{"rendered":"ZEPHYR"},"content":{"rendered":"<div class=\"wpb-content-wrapper\"><p>[vc_row full_width=&#8221;stretch_row&#8221; content_placement=&#8221;middle&#8221; woodmart_disable_overflow=&#8221;1&#8243; css=&#8221;.vc_custom_1616528231533{margin-bottom: 0px !important;padding-top: 3vh !important;padding-bottom: 4vh !important;background-position: center !important;background-repeat: no-repeat !important;background-size: cover !important;}&#8221; mobile_bg_img_hidden=&#8221;no&#8221; tablet_bg_img_hidden=&#8221;no&#8221; woodmart_parallax=&#8221;0&#8243; woodmart_gradient_switch=&#8221;no&#8221; row_reverse_mobile=&#8221;0&#8243; row_reverse_tablet=&#8221;0&#8243;][vc_column width=&#8221;1\/3&#8243; css=&#8221;.vc_custom_1614800708616{margin-bottom: 0px !important;padding-top: 0px !important;padding-bottom: 0px !important;}&#8221; mobile_bg_img_hidden=&#8221;no&#8221; tablet_bg_img_hidden=&#8221;no&#8221; woodmart_parallax=&#8221;0&#8243; woodmart_sticky_column=&#8221;false&#8221; parallax_scroll=&#8221;no&#8221; mobile_reset_margin=&#8221;no&#8221; tablet_reset_margin=&#8221;no&#8221;][vc_row_inner][vc_column_inner width=&#8221;2\/12&#8243;][\/vc_column_inner][vc_column_inner width=&#8221;10\/12&#8243;]\t\t\t<div id=\"wd-60622b6969cc2\" class=\"wd-text-block-wrapper wd-wpb wd-rs-60622b6969cc2 color-scheme- text-center  product-page-list\">\n\t\t\t\t<div class=\"woodmart-title-container woodmart-text-block reset-last-child font-primary wd-font-weight- wd-fontsize-l\">\n\t\t\t\t\t<\/p>\n<ul>\n<li>powerful antioxidant, protects and nourishes<\/li>\n<li>immediate and long lasting hydration<\/li>\n<li>smoothes fine wrinkles<\/li>\n<\/ul>\n<p>\t\t\t\t<\/div>\n\n\t\t\t\t\t\t\t<\/div>\n\t\t[\/vc_column_inner][\/vc_row_inner][\/vc_column][vc_column width=&#8221;2\/3&#8243; css=&#8221;.vc_custom_1616578145758{margin-top: 0px !important;padding-top: 0px !important;}&#8221; mobile_bg_img_hidden=&#8221;no&#8221; tablet_bg_img_hidden=&#8221;no&#8221; woodmart_parallax=&#8221;0&#8243; woodmart_sticky_column=&#8221;false&#8221; parallax_scroll=&#8221;no&#8221; mobile_reset_margin=&#8221;no&#8221; tablet_reset_margin=&#8221;no&#8221; el_class=&#8221;description-column&#8221;]\t\t\t<div id=\"wd-67f798af48437\" class=\"wd-text-block-wrapper wd-wpb wd-rs-67f798af48437 color-scheme- text-left wd-width-enabled vc_custom_1744279864043\" style=\"--wd-max-width: 90%;\">\n\t\t\t\t<div class=\"woodmart-title-container woodmart-text-block reset-last-child font-primary wd-font-weight-600 \">\n\t\t\t\t\tOur moisturizing face cream is packed with antioxidants (vitamins C and E, aloe vera, sea buckthorn pulp, grape seed, and rosehip) that protect the skin from oxidative stress and the aging effects of sun exposure. Its rich oil content replenishes the skin\u2019s full spectrum of fatty acids, creating a protective barrier that helps prevent moisture loss. It minimizes the appearance of fine lines, redness, and dark spots. With hyaluronic acid, it provides deep hydration, improves skin texture, and promotes a more even, radiant complexion.\t\t\t\t<\/div>\n\n\t\t\t\t\t\t\t<\/div>\n\t\t\t\t\t<div id=\"wd-6062285eb36fa\" class=\"wd-text-block-wrapper wd-wpb wd-rs-6062285eb36fa color-scheme- text-left vc_custom_1617045603723 good-to-know\">\n\t\t\t\t<div class=\"woodmart-title-container woodmart-text-block reset-last-child font-primary wd-font-weight-600 \">\n\t\t\t\t\t<strong>Aroma:<\/strong> incense with bergamot and lavender, with the sweetness of an orange blossom in the background<\/p>\n<p><strong data-start=\"55\" data-end=\"67\">Meaning:<\/strong> gentle breeze<br data-start=\"81\" data-end=\"84\" \/><strong data-start=\"84\" data-end=\"101\" data-is-only-node=\"\">Good to know:<\/strong> Suitable for all skin types and can be used year-round, but it does not replace a sunscreen with SPF.\t\t\t\t<\/div>\n\n\t\t\t\t\t\t\t<\/div>\n\t\t[\/vc_column][\/vc_row][vc_row full_width=&#8221;stretch_row_content_no_spaces&#8221; equal_height=&#8221;yes&#8221; woodmart_bg_position=&#8221;right-center&#8221; css=&#8221;.vc_custom_1616939739788{margin-bottom: 8vh !important;background-position: center !important;background-repeat: no-repeat !important;background-size: contain !important;}&#8221; el_class=&#8221;tablet-bg-img-hidden&#8221; mobile_bg_img_hidden=&#8221;no&#8221; tablet_bg_img_hidden=&#8221;no&#8221; woodmart_parallax=&#8221;0&#8243; woodmart_gradient_switch=&#8221;no&#8221; row_reverse_mobile=&#8221;0&#8243; row_reverse_tablet=&#8221;0&#8243; woodmart_disable_overflow=&#8221;0&#8243;][vc_column width=&#8221;1\/2&#8243; css=&#8221;.vc_custom_1616939648748{margin-bottom: 0px !important;padding-top: 0px !important;padding-bottom: 0px !important;}&#8221; offset=&#8221;vc_col-lg-6 vc_col-xs-12&#8243; mobile_bg_img_hidden=&#8221;no&#8221; tablet_bg_img_hidden=&#8221;no&#8221; woodmart_parallax=&#8221;0&#8243; woodmart_sticky_column=&#8221;false&#8221; parallax_scroll=&#8221;no&#8221; mobile_reset_margin=&#8221;no&#8221; tablet_reset_margin=&#8221;no&#8221;]\t\t<div id=\"gallery_467\" class=\"wd-images-gallery wd-wpb\" style=\"--wd-justify-content:center;--wd-align-items:center;\">\n\t\t\t\n\t\t\t<div class=\" wd-grid-g\" style=\"--wd-col-lg:1;--wd-col-md:1;--wd-col-sm:1;--wd-gap-lg:0px;\">\n\t\t\t\t\n\t\t\t\t\t\t\t\t\t\t\t\t\t\t\t<div class=\"wd-gallery-item wd-col\">\n\t\t\t\t\t\t\t\n\t\t\t\t\t\t\t\t<img loading=\"lazy\" decoding=\"async\" width=\"2000\" height=\"2000\" src=\"https:\/\/greenrococo.hu\/wp-content\/uploads\/2021\/03\/greenrococo-zephyr-2.jpg\" class=\"wd-gallery-image image-1\" alt=\"Greenrococo ZEPHYR - antioxid\u00e1ns hidrat\u00e1l\u00f3 kr\u00e9m\" srcset=\"https:\/\/greenrococo.hu\/wp-content\/uploads\/2021\/03\/greenrococo-zephyr-2.jpg 2000w, https:\/\/greenrococo.hu\/wp-content\/uploads\/2021\/03\/greenrococo-zephyr-2-500x500.jpg 500w, https:\/\/greenrococo.hu\/wp-content\/uploads\/2021\/03\/greenrococo-zephyr-2-150x150.jpg 150w, https:\/\/greenrococo.hu\/wp-content\/uploads\/2021\/03\/greenrococo-zephyr-2-1000x1000.jpg 1000w, https:\/\/greenrococo.hu\/wp-content\/uploads\/2021\/03\/greenrococo-zephyr-2-300x300.jpg 300w, https:\/\/greenrococo.hu\/wp-content\/uploads\/2021\/03\/greenrococo-zephyr-2-1024x1024.jpg 1024w, https:\/\/greenrococo.hu\/wp-content\/uploads\/2021\/03\/greenrococo-zephyr-2-768x768.jpg 768w, https:\/\/greenrococo.hu\/wp-content\/uploads\/2021\/03\/greenrococo-zephyr-2-1536x1536.jpg 1536w\" sizes=\"auto, (max-width: 2000px) 100vw, 2000px\" \/>\n\t\t\t\t\t\t\t\t\t\t\t\t\t\t<\/div>\n\t\t\t\t\t\t\t\t\t\n\t\t\t\t\t\t\t<\/div>\n\n\t\t\t\t\t<\/div>\n\t\t[\/vc_column][vc_column width=&#8221;1\/2&#8243; woodmart_bg_position=&#8221;right-center&#8221; css=&#8221;.vc_custom_1616939749624{padding-top: 0px !important;padding-right: 15px !important;padding-left: 25px !important;background-position: 0 0 !important;background-repeat: no-repeat !important;}&#8221; offset=&#8221;vc_col-lg-4 vc_col-md-6 vc_col-xs-12&#8243; mobile_bg_img_hidden=&#8221;no&#8221; tablet_bg_img_hidden=&#8221;no&#8221; woodmart_parallax=&#8221;0&#8243; woodmart_sticky_column=&#8221;true&#8221; parallax_scroll=&#8221;no&#8221; mobile_reset_margin=&#8221;no&#8221; tablet_reset_margin=&#8221;no&#8221;]<div class=\"templatera_shortcode\"><style type=\"text\/css\" data-type=\"vc_shortcodes-custom-css\">.vc_custom_1618555047408{margin-top: 0px !important;margin-bottom: 0px !important;}.vc_custom_1618554983244{margin-top: 50px !important;margin-bottom: 25px !important;}<\/style><div class=\"vc_row wpb_row vc_row-fluid kiemelt-head vc_custom_1618555047408 wd-rs-60789e36c6a09\"><div class=\"wpb_column vc_column_container vc_col-sm-12\"><div class=\"vc_column-inner\"><div class=\"wpb_wrapper\">\n\t\t<div id=\"wd-60793065bd667\" class=\"title-wrapper wd-wpb wd-set-mb reset-last-child  wd-rs-60793065bd667 wd-title-color-default wd-title-style-default text-left kiemelt-head vc_custom_1618554983244 wd-underline-colored\">\n\t\t\t\n\t\t\t<div class=\"liner-continer\">\n\t\t\t\t<h4 class=\"woodmart-title-container title  wd-font-weight-200 wd-fontsize-l\" >Kiemelt \u00f6sszetev\u0151k<\/h4>\n\t\t\t\t\t\t\t<\/div>\n\t\t\t\n\t\t\t\n\t\t\t\n\t\t<\/div>\n\t\t\n\t\t<\/div><\/div><\/div><\/div><\/div>[vc_tta_accordion style=&#8221;modern&#8221; shape=&#8221;square&#8221; color=&#8221;white&#8221; active_section=&#8221;1&#8243; no_fill=&#8221;true&#8221; collapsible_all=&#8221;true&#8221;][vc_tta_section title=&#8221;<\/p>\n<p>Ultra-small molecule hyaluronic acid<\/p>\n<p>&#8221; tab_id=&#8221;15c8a-5821&#8243;][vc_column_text text_larger=&#8221;no&#8221;]<\/p>\n<p>(Size: 8,000 &#8211; 30,000 Da) Due to its lower molecular weight, it has a long-lasting moisturizing, firming and collagen synthesis promoting effect by reaching the deeper layers of the skin. It serves as a moisture reservoir for the skin. It contains no ingredients of animal origin.<\/p>\n<p>[\/vc_column_text][\/vc_tta_section][vc_tta_section title=&#8221;<\/p>\n<p>Macadamia nut oil<\/p>\n<p>&#8221; tab_id=&#8221;1484049984302-e0b553b6-82dc5c8a-5821&#8243;][vc_column_text text_larger=&#8221;no&#8221; woodmart_inline=&#8221;no&#8221;]<\/p>\n<p>One of the few vegetable oils that, with its high palmitoleic acid content, replaces the decreasing content of this fatty acid in the cells with age, reduces dry skin, moisturizes, softens and nourishes.<\/p>\n<p>[\/vc_column_text][\/vc_tta_section][vc_tta_section title=&#8221;<\/p>\n<p>Rosehip Seed Oil CO2<\/p>\n<p>&#8221; tab_id=&#8221;1484057271889-b3b2ad15-15f75c8a-5821&#8243;][vc_column_text text_larger=&#8221;no&#8221; woodmart_inline=&#8221;no&#8221;]<\/p>\n<p>Is obtained by carbon dioxide extraction from rosehip seeds. Due to its essential fatty acid content (omega 6 and 3), they heal and tighten skin tissue at the cellular level. Vitamin E strengthens the skin&#8217;s own antioxidant content. The content of vitamin A (trans-retinoic acid) stimulates cell regeneration and collagen production. Its carotenoid content gives the oily cleanser a beautiful light yellow color.<\/p>\n<p>[\/vc_column_text][\/vc_tta_section][vc_tta_section title=&#8221;<\/p>\n<p>Apricot kernel oil<\/p>\n<p>&#8221; tab_id=&#8221;1617045771943-0d7eb0e6-6fd3&#8243;][vc_column_text text_larger=&#8221;no&#8221;]<\/p>\n<p>Emollient with high linoleic acid content strengthens the protective barrier of the skin.<\/p>\n<p>[\/vc_column_text][\/vc_tta_section][vc_tta_section title=&#8221;<\/p>\n<p>Centella asiatica extract<\/p>\n<p>&#8221; tab_id=&#8221;1617045783304-8612b57d-e96d&#8221;][vc_column_text text_larger=&#8221;no&#8221; woodmart_inline=&#8221;no&#8221;]<\/p>\n<p>An aqueous-alcoholic glycerin extract from the flowering shoots of a plant called Centa asiatica, also known as Gotu kola. It has anti-photoaging properties, protects against the harmful effects of the sun&#8217;s rays, reduces the likelihood of pigmentation spots with regenerating, soothing, antioxidant plant extract. It stimulates the synthesis of collagen and elastin.<\/p>\n<p>[\/vc_column_text][\/vc_tta_section][vc_tta_section title=&#8221;<\/p>\n<p>Grape seed oil<\/p>\n<p>&#8221; tab_id=&#8221;1617045782803-1326f258-cf40&#8243;][vc_column_text text_larger=&#8221;no&#8221;]<\/p>\n<p>Rich in linoleic acid, rich in phenolic compounds and vitamins, moisturizing, tissue strengthening, anti-inflammatory, soothing, antioxidant oil. Light oil that absorbs quickly and deeply. It strengthens the skin protective layer and increases the water content of the deeper cell layers.<\/p>\n<p>[\/vc_column_text][\/vc_tta_section][vc_tta_section title=&#8221;<\/p>\n<p>Hyssop hydrosol<\/p>\n<p>&#8221; tab_id=&#8221;1617046046462-1c7010d7-bf96&#8243;][vc_column_text text_larger=&#8221;no&#8221; woodmart_inline=&#8221;no&#8221;]<\/p>\n<p>The best beautifying and astringent floral water with anti-aging effect. Hyssop is already mentioned in the Bible for its disinfecting properties.<\/p>\n<p>[\/vc_column_text][\/vc_tta_section][vc_tta_section title=&#8221;<\/p>\n<p>Orange blossom (neroli) hydrosol<\/p>\n<p>&#8221; tab_id=&#8221;1617045781610-9459d95a-a67a&#8221;][vc_column_text text_larger=&#8221;no&#8221;]<\/p>\n<p>Produced during the distillation of bitter orange blossom. It also soothes the skin, mind and spirit with its sensual fragrance. In addition to its stress-relieving and harmonizing effects, it has mild anti-inflammatory properties. Stimulates blood circulation and cell regeneration.<\/p>\n<p>[\/vc_column_text][\/vc_tta_section][vc_tta_section title=&#8221;<\/p>\n<p>Sea buckthorn oil CO2 extract<\/p>\n<p>&#8221; tab_id=&#8221;1614807235638-ec4aa3dd-1ee3&#8243;][vc_row_inner][vc_column_inner width=&#8221;1\/2&#8243;][vc_column_text text_larger=&#8221;no&#8221; woodmart_inline=&#8221;no&#8221;]<\/p>\n<p>Excellent wound healer, with anti-aging and anti-inflammatory effects. It softens the skin, serves as a sunscreen and after sunbathing as a regenerating antioxidant oil, containing a wide range of saturated, monounsaturated and polyunsaturated (essential) fatty acids such as palmitic acid and palmitoleic acid, oleic acid, linoleic acid and linolenic acid. It also contains vitamins E, K, P, beta-carotene (a precursor of vitamin A) and fatty phytosterols.<\/p>\n<p>[\/vc_column_text][vc_empty_space woodmart_hide_large=&#8221;0&#8243; woodmart_hide_medium=&#8221;0&#8243; woodmart_hide_small=&#8221;0&#8243; woodmart_hide_extra_small=&#8221;0&#8243;][\/vc_column_inner][vc_column_inner width=&#8221;1\/2&#8243;][vc_single_image image=&#8221;345&#8243; img_size=&#8221;363&#215;242&#8243; css=&#8221;.vc_custom_1617046034735{padding-right: 20px !important;padding-bottom: 20px !important;padding-left: 20px !important;}&#8221; parallax_scroll=&#8221;no&#8221;][\/vc_column_inner][\/vc_row_inner][\/vc_tta_section][vc_tta_section title=&#8221;<\/p>\n<p>Frankincense<\/p>\n<p>&#8221; tab_id=&#8221;1617045782250-73307bcc-49ca&#8221;][vc_column_text text_larger=&#8221;no&#8221; woodmart_inline=&#8221;no&#8221;]<\/p>\n<p>(Olibanum = Lebanese oil) is an oil produced by CO2 extraction from wood resin and therefore also contains a powerful anti-inflammatory agent. Wound healer, soothes scars, wrinkles, relieves inflammation. The smoked resin is an important tool in meditation rituals and religious ceremonies. It connects body and mind and helps to overcome anxiety and tension.<\/p>\n<p>[\/vc_column_text][\/vc_tta_section][vc_tta_section title=&#8221;<\/p>\n<p>Guggul Extract (Commiphora Mukul CO2)<\/p>\n<p>&#8221; tab_id=&#8221;1617046046802-e2036577-7ae9&#8243;][vc_column_text text_larger=&#8221;no&#8221;]<\/p>\n<p>An Ayurvedic ingredient extracted from the resin of the balsam resin by gentle supercritical CO2 extraction. Rich in phytosterols, rich in antioxidants and a powerful cell protector, it is also known as plant Q10.<\/p>\n<p>[\/vc_column_text][\/vc_tta_section][vc_tta_section title=&#8221;Stable Vitamin C&#8221; tab_id=&#8221;1744278536647-07b318e3-5141&#8243;][vc_column_text css=&#8221;&#8221; woodmart_inline=&#8221;no&#8221; text_larger=&#8221;no&#8221;]\u00cdme a ford\u00edt\u00e1s angolra, term\u00e9szetes \u00e9s marketingbar\u00e1t st\u00edlusban:<\/p>\n<hr \/>\n<p><strong>Ethyl Ascorbic Acid<\/strong> inhibits melanin production in the skin, helping to reduce age spots and hyperpigmentation. It is a powerful antioxidant and free radical scavenger. Not only does it help prevent sun-induced skin damage, but it also aids in repairing existing damage. It stimulates collagen production and provides protection against blue light![\/vc_column_text][\/vc_tta_section][\/vc_tta_accordion][vc_empty_space woodmart_hide_large=&#8221;0&#8243; woodmart_hide_medium=&#8221;0&#8243; woodmart_hide_small=&#8221;0&#8243; woodmart_hide_extra_small=&#8221;0&#8243;]\n\t\t<div id=\"wd-60608a1f0c181\" class=\"title-wrapper wd-wpb wd-set-mb reset-last-child  wd-rs-60608a1f0c181 wd-title-color-default wd-title-style-default text-left vc_custom_1616939554374 wd-underline-colored\">\n\t\t\t\n\t\t\t<div class=\"liner-continer\">\n\t\t\t\t<h4 class=\"woodmart-title-container title  wd-font-weight- wd-fontsize-l\" ><\/p>\n<p>Ingredients<\/p>\n<p><\/h4>\n\t\t\t\t\t\t\t<\/div>\n\t\t\t\n\t\t\t\n\t\t\t\n\t\t<\/div>\n\t\t\n\t\t\t\t\t<div id=\"wd-608ecf60f3e52\" class=\"wd-text-block-wrapper wd-wpb wd-rs-608ecf60f3e52 color-scheme- text-left wd-width-enabled \" style=\"--wd-max-width: 90%;\">\n\t\t\t\t<div class=\"woodmart-title-container woodmart-text-block reset-last-child font-primary wd-font-weight-300 \">\n\t\t\t\t\tHyssopus officinalis flower water*, Citrus aurantium flower water*, Prunus armeniaca (Apricot) kernel oil*, Glycerin, Arachidyl Alcohol, Behenyl Alcohol, Arachidyl Glucosides, Aqua, Macadamia ternifolia seed oil*, Squalane, Caprylic\/Capric Triglycerid, Commiphora Mukul (Guggul) Resin Extract, Simmondsia chinensis (Jojoba) seed oil*, Vitis vinifera (Grape seed) oil*, Alcohol, Rosa canina seed extract*, Panthenol,\u00a0 Benzyl Alcohol, Centella asiatica flower\/leaf\/stem extract*, Hippophae Rhamnoides Fruit Oil*, Tocopherol, Citrus bergamia oil*, Lavendula angustifolia oil*, Sodium hyaluronate, Boswellia carterii oil CO<sub>2<\/sub>, Aloe barbadensis leaf powder*,\u00a0 Xanthan gum,\u00a0 Dehydroacetic Acid,\u00a0<em>Linalool**, Limonene**, Citral**, Geraniol**.<\/em><\/p>\n<p>*ingredients from certified organic farming<br \/>\n**natural ingredients of essential oils<br \/>\n\u1fc0ingredients from local farming\t\t\t\t<\/div>\n\n\t\t\t\t\t\t\t<\/div>\n\t\t[\/vc_column][\/vc_row][vc_row full_width=&#8221;stretch_row&#8221; content_placement=&#8221;middle&#8221; woodmart_disable_overflow=&#8221;1&#8243; css=&#8221;.vc_custom_1614810535242{margin-bottom: 0px !important;padding-top: 3vh !important;padding-bottom: 4vh !important;background-color: #f7f7f7 !important;background-position: center !important;background-repeat: no-repeat !important;background-size: cover !important;}&#8221; mobile_bg_img_hidden=&#8221;no&#8221; tablet_bg_img_hidden=&#8221;no&#8221; woodmart_parallax=&#8221;0&#8243; woodmart_gradient_switch=&#8221;no&#8221; row_reverse_mobile=&#8221;0&#8243; row_reverse_tablet=&#8221;0&#8243;][vc_column width=&#8221;1\/4&#8243; css=&#8221;.vc_custom_1614800708616{margin-bottom: 0px !important;padding-top: 0px !important;padding-bottom: 0px !important;}&#8221; mobile_bg_img_hidden=&#8221;no&#8221; tablet_bg_img_hidden=&#8221;no&#8221; woodmart_parallax=&#8221;0&#8243; woodmart_sticky_column=&#8221;false&#8221; parallax_scroll=&#8221;no&#8221; mobile_reset_margin=&#8221;no&#8221; tablet_reset_margin=&#8221;no&#8221;]<div class=\"templatera_shortcode\"><style type=\"text\/css\" data-type=\"vc_shortcodes-custom-css\">.vc_custom_1692773704943{margin-top: 25px !important;margin-bottom: 25px !important;}<\/style><div class=\"vc_row wpb_row vc_row-fluid hasznalat-head wd-rs-60789f0adf267\"><div class=\"wpb_column vc_column_container vc_col-sm-12\"><div class=\"vc_column-inner\"><div class=\"wpb_wrapper\">\n\t\t<div id=\"wd-64e5ad44ec438\" class=\"title-wrapper wd-wpb wd-set-mb reset-last-child  wd-rs-64e5ad44ec438 wd-title-color-default wd-title-style-default text-left hasznalat-head vc_custom_1692773704943 wd-underline-colored\">\n\t\t\t\n\t\t\t<div class=\"liner-continer\">\n\t\t\t\t<h4 class=\"woodmart-title-container title  wd-font-weight-200 wd-fontsize-l\" >How to use<\/h4>\n\t\t\t\t\t\t\t<\/div>\n\t\t\t\n\t\t\t\n\t\t\t\n\t\t<\/div>\n\t\t\n\t\t<\/div><\/div><\/div><\/div>\r\n<\/div>[\/vc_column][vc_column width=&#8221;2\/4&#8243;]\t\t\t<div id=\"wd-6091a9ebb198f\" class=\"wd-text-block-wrapper wd-wpb wd-rs-6091a9ebb198f color-scheme- text-left wd-width-enabled \" style=\"--wd-max-width: 90%;\">\n\t\t\t\t<div class=\"woodmart-title-container woodmart-text-block reset-last-child font-primary wd-font-weight-600 \">\n\t\t\t\t\t<\/p>\n<p>After cleansing the face, pump a pea-sized amount of cream into the palm of your hand and massage into the skin of the face, neck and d\u00e9collet\u00e9 in a gentle circular motion. You can use it as a moisturizer under factor sunscreen.&nbsp; For very dry and mature skin and at night, enrich with our NEKT\u00c1R botanical oil serum.<\/p>\n<p>In case of pregnancy and breastfeeding, please consult your doctor before using any product with essential oils.<\/p>\n<p>It contains nuts.<\/p>\n<p>\t\t\t\t<\/div>\n\n\t\t\t\t\t\t\t<\/div>\n\t\t[\/vc_column][vc_column width=&#8221;1\/4&#8243;][\/vc_column][\/vc_row]<\/p>\n<\/div>","protected":false},"excerpt":{"rendered":"<p><strong>Antioxidant moisturizer<\/strong><\/p>\n<p>50 ml &#8211; 1.7 fl.oz<\/p>\n<p>Active ingredients: hyssop and neroli * hydrosols, apricot kernel oil *, macadamia nut oil *, centella asiatica extract *, rosehip seed oil CO2, guggul extract CO2, grape seed oil *, Sea buckthorn oil *, squalene, vitamin E , jojoba oil *, aloe vera extract, lavender essential oil *, bergamot essential oil (bergaptenfrei) *, frankincense CO2 extract, a well-absorbed, stable form of vitamin C, allantoin.<\/p>\n<p>* Ingredients from certified organic farming<\/p>\n<p>Akt\u00edv \u00f6sszetev\u0151k: izs\u00f3p\u1fc0 \u00e9s narancsvir\u00e1g* hidrol\u00e1tum, s\u00e1rgabarackmagolaj*, makad\u00e1mdi\u00f3 olaj*, \u00e1zsai g\u00e1zl\u00f3 kivonat*, csipkebogy\u00f3mag olaj CO<sub>2<\/sub>, Guggul-kivonat CO<sub>2<\/sub>, sz\u0151l\u0151magolaj*, homokt\u00f6vish\u00fasolaj*, panthenol, szkval\u00e1n, jojobaolaj*, E vitamin, kismolekul\u00e1j\u00fa hialuronsav, aloe vera, orvosi levendula ill\u00f3olaj*, bergamot ill\u00f3olaj (bergapt\u00e9nmentes)*, t\u00f6mj\u00e9n CO<sub>2 <\/sub>kivonat.<\/p>\n<p>*ellen\u0151rz\u00f6tt \u00f6kol\u00f3giai gazd\u00e1lkod\u00e1sb\u00f3l sz\u00e1rmaz\u00f3 alapanyag<br \/>\n**az ill\u00f3olajok term\u00e9szetes \u00f6sszetev\u0151i, mely a benn\u00fck l\u00e9v\u0151 ill\u00f3olajokb\u00f3l sz\u00e1rmazik<br \/>\n\u1fc0helyi gazdas\u00e1gb\u00f3l sz\u00e1rmaz\u00f3 alapanyag<\/p>\n","protected":false},"featured_media":10988,"comment_status":"open","ping_status":"closed","template":"","meta":[],"product_brand":[],"product_cat":[728],"product_tag":[],"class_list":{"0":"post-9928","1":"product","2":"type-product","3":"status-publish","4":"has-post-thumbnail","6":"product_cat-face-care","8":"first","9":"instock","10":"shipping-taxable","11":"product-type-simple"},"_links":{"self":[{"href":"https:\/\/greenrococo.hu\/en\/wp-json\/wp\/v2\/product\/9928","targetHints":{"allow":["GET"]}}],"collection":[{"href":"https:\/\/greenrococo.hu\/en\/wp-json\/wp\/v2\/product"}],"about":[{"href":"https:\/\/greenrococo.hu\/en\/wp-json\/wp\/v2\/types\/product"}],"replies":[{"embeddable":true,"href":"https:\/\/greenrococo.hu\/en\/wp-json\/wp\/v2\/comments?post=9928"}],"wp:featuredmedia":[{"embeddable":true,"href":"https:\/\/greenrococo.hu\/en\/wp-json\/wp\/v2\/media\/10988"}],"wp:attachment":[{"href":"https:\/\/greenrococo.hu\/en\/wp-json\/wp\/v2\/media?parent=9928"}],"wp:term":[{"taxonomy":"product_brand","embeddable":true,"href":"https:\/\/greenrococo.hu\/en\/wp-json\/wp\/v2\/product_brand?post=9928"},{"taxonomy":"product_cat","embeddable":true,"href":"https:\/\/greenrococo.hu\/en\/wp-json\/wp\/v2\/product_cat?post=9928"},{"taxonomy":"product_tag","embeddable":true,"href":"https:\/\/greenrococo.hu\/en\/wp-json\/wp\/v2\/product_tag?post=9928"}],"curies":[{"name":"wp","href":"https:\/\/api.w.org\/{rel}","templated":true}]}}