{"id":9929,"date":"2021-03-29T19:47:40","date_gmt":"2021-03-29T19:47:40","guid":{"rendered":"https:\/\/greenrococo.hu\/shop\/galaxie-oil-cleanser-and-make-up-remover\/"},"modified":"2026-03-03T16:27:54","modified_gmt":"2026-03-03T16:27:54","slug":"galaxie-oil-cleanser-and-make-up-remover","status":"publish","type":"product","link":"https:\/\/greenrococo.hu\/en\/shop\/galaxie-oil-cleanser-and-make-up-remover\/","title":{"rendered":"GALAXIE"},"content":{"rendered":"<div class=\"wpb-content-wrapper\"><p>[vc_row full_width=&#8221;stretch_row&#8221; content_placement=&#8221;middle&#8221; woodmart_disable_overflow=&#8221;1&#8243; css=&#8221;.vc_custom_1616528231533{margin-bottom: 0px !important;padding-top: 3vh !important;padding-bottom: 4vh !important;background-position: center !important;background-repeat: no-repeat !important;background-size: cover !important;}&#8221; mobile_bg_img_hidden=&#8221;no&#8221; tablet_bg_img_hidden=&#8221;no&#8221; woodmart_parallax=&#8221;0&#8243; woodmart_gradient_switch=&#8221;no&#8221; row_reverse_mobile=&#8221;0&#8243; row_reverse_tablet=&#8221;0&#8243;][vc_column width=&#8221;1\/3&#8243; css=&#8221;.vc_custom_1614800708616{margin-bottom: 0px !important;padding-top: 0px !important;padding-bottom: 0px !important;}&#8221; mobile_bg_img_hidden=&#8221;no&#8221; tablet_bg_img_hidden=&#8221;no&#8221; woodmart_parallax=&#8221;0&#8243; woodmart_sticky_column=&#8221;false&#8221; parallax_scroll=&#8221;no&#8221; mobile_reset_margin=&#8221;no&#8221; tablet_reset_margin=&#8221;no&#8221;][vc_row_inner][vc_column_inner width=&#8221;2\/12&#8243;][\/vc_column_inner][vc_column_inner width=&#8221;10\/12&#8243;]\t\t\t<div id=\"wd-60622f1ed6fb6\" class=\"wd-text-block-wrapper wd-wpb wd-rs-60622f1ed6fb6 color-scheme- text-center  product-page-list\">\n\t\t\t\t<div class=\"woodmart-title-container woodmart-text-block reset-last-child font-primary wd-font-weight- wd-fontsize-l\">\n\t\t\t\t\t<\/p>\n<ul>\n<li>cleanses, removes make-up<\/li>\n<li>nourishes and softens the skin<\/li>\n<li>maintains the moisture of the skin<\/li>\n<li>balances<\/li>\n<\/ul>\n<p>\t\t\t\t<\/div>\n\n\t\t\t\t\t\t\t<\/div>\n\t\t[\/vc_column_inner][\/vc_row_inner][\/vc_column][vc_column width=&#8221;2\/3&#8243; css=&#8221;.vc_custom_1616578145758{margin-top: 0px !important;padding-top: 0px !important;}&#8221; mobile_bg_img_hidden=&#8221;no&#8221; tablet_bg_img_hidden=&#8221;no&#8221; woodmart_parallax=&#8221;0&#8243; woodmart_sticky_column=&#8221;false&#8221; parallax_scroll=&#8221;no&#8221; mobile_reset_margin=&#8221;no&#8221; tablet_reset_margin=&#8221;no&#8221; el_class=&#8221;description-column&#8221;]\t\t\t<div id=\"wd-60622f08490ab\" class=\"wd-text-block-wrapper wd-wpb wd-rs-60622f08490ab color-scheme- text-left wd-width-enabled vc_custom_1617047306752\" style=\"--wd-max-width: 90%;\">\n\t\t\t\t<div class=\"woodmart-title-container woodmart-text-block reset-last-child font-primary wd-font-weight-600 \">\n\t\t\t\t\tOur face cleansing oil gently removes excess sebum, impurities, SPF and waterproof make-up. It nourishes, moisturises and provides the skin with valuable active ingredients without drying it out.\t\t\t\t<\/div>\n\n\t\t\t\t\t\t\t<\/div>\n\t\t\t\t\t<div id=\"wd-60622f0cd7c51\" class=\"wd-text-block-wrapper wd-wpb wd-rs-60622f0cd7c51 color-scheme- text-left vc_custom_1617047324446 good-to-know\">\n\t\t\t\t<div class=\"woodmart-title-container woodmart-text-block reset-last-child font-primary wd-font-weight-600 \">\n\t\t\t\t\t<strong>Fragrance:<\/strong> the sweet marzipan of plum seeds<br \/>\n<strong>Good to know:<\/strong> It becomes milky on contact with water. All skin types, including sensitive skin.\t\t\t\t<\/div>\n\n\t\t\t\t\t\t\t<\/div>\n\t\t[\/vc_column][\/vc_row][vc_row full_width=&#8221;stretch_row_content_no_spaces&#8221; equal_height=&#8221;yes&#8221; woodmart_bg_position=&#8221;right-center&#8221; css=&#8221;.vc_custom_1616939739788{margin-bottom: 8vh !important;background-position: center !important;background-repeat: no-repeat !important;background-size: contain !important;}&#8221; el_class=&#8221;tablet-bg-img-hidden&#8221; mobile_bg_img_hidden=&#8221;no&#8221; tablet_bg_img_hidden=&#8221;no&#8221; woodmart_parallax=&#8221;0&#8243; woodmart_gradient_switch=&#8221;no&#8221; row_reverse_mobile=&#8221;0&#8243; row_reverse_tablet=&#8221;0&#8243; woodmart_disable_overflow=&#8221;0&#8243;][vc_column width=&#8221;1\/2&#8243; css=&#8221;.vc_custom_1616939648748{margin-bottom: 0px !important;padding-top: 0px !important;padding-bottom: 0px !important;}&#8221; offset=&#8221;vc_col-lg-6 vc_col-xs-12&#8243; mobile_bg_img_hidden=&#8221;no&#8221; tablet_bg_img_hidden=&#8221;no&#8221; woodmart_parallax=&#8221;0&#8243; woodmart_sticky_column=&#8221;false&#8221; parallax_scroll=&#8221;no&#8221; mobile_reset_margin=&#8221;no&#8221; tablet_reset_margin=&#8221;no&#8221;]\t\t<div id=\"gallery_503\" class=\"wd-images-gallery wd-wpb wd-rs-69a70bd76218d\" style=\"--wd-justify-content:center;--wd-align-items:center;\">\n\t\t\t\n\t\t\t<div class=\" wd-grid-g\" style=\"--wd-col-lg:1;--wd-col-md:1;--wd-col-sm:1;--wd-gap-lg:0px;\">\n\t\t\t\t\n\t\t\t\t\t\t\t\t\t\t\t\t\t\t\t<div class=\"wd-gallery-item wd-col\">\n\t\t\t\t\t\t\t\n\t\t\t\t\t\t\t\t<img loading=\"lazy\" decoding=\"async\" width=\"2000\" height=\"1334\" src=\"https:\/\/greenrococo.hu\/wp-content\/uploads\/2021\/03\/greenrococo-galaxie-3.jpg\" class=\"wd-gallery-image image-1\" alt=\"Greenrococo GALAXIE - arctiszt\u00edt\u00f3 \u00e9s sminkelt\u00e1vol\u00edt\u00f3 olaj\" srcset=\"https:\/\/greenrococo.hu\/wp-content\/uploads\/2021\/03\/greenrococo-galaxie-3.jpg 2000w, https:\/\/greenrococo.hu\/wp-content\/uploads\/2021\/03\/greenrococo-galaxie-3-150x100.jpg 150w, https:\/\/greenrococo.hu\/wp-content\/uploads\/2021\/03\/greenrococo-galaxie-3-1000x667.jpg 1000w, https:\/\/greenrococo.hu\/wp-content\/uploads\/2021\/03\/greenrococo-galaxie-3-300x200.jpg 300w, https:\/\/greenrococo.hu\/wp-content\/uploads\/2021\/03\/greenrococo-galaxie-3-1024x683.jpg 1024w, https:\/\/greenrococo.hu\/wp-content\/uploads\/2021\/03\/greenrococo-galaxie-3-768x512.jpg 768w, https:\/\/greenrococo.hu\/wp-content\/uploads\/2021\/03\/greenrococo-galaxie-3-1536x1025.jpg 1536w\" sizes=\"auto, (max-width: 2000px) 100vw, 2000px\" \/>\n\t\t\t\t\t\t\t\t\t\t\t\t\t\t<\/div>\n\t\t\t\t\t\t\t\t\t\t\t<div class=\"wd-gallery-item wd-col\">\n\t\t\t\t\t\t\t\n\t\t\t\t\t\t\t\t<img loading=\"lazy\" decoding=\"async\" width=\"1101\" height=\"759\" src=\"https:\/\/greenrococo.hu\/wp-content\/uploads\/2021\/03\/IMG_4555.jpg\" class=\"wd-gallery-image image-2\" alt=\"\" srcset=\"https:\/\/greenrococo.hu\/wp-content\/uploads\/2021\/03\/IMG_4555.jpg 1101w, https:\/\/greenrococo.hu\/wp-content\/uploads\/2021\/03\/IMG_4555-300x207.jpg 300w, https:\/\/greenrococo.hu\/wp-content\/uploads\/2021\/03\/IMG_4555-1024x706.jpg 1024w, https:\/\/greenrococo.hu\/wp-content\/uploads\/2021\/03\/IMG_4555-768x529.jpg 768w, https:\/\/greenrococo.hu\/wp-content\/uploads\/2021\/03\/IMG_4555-1000x689.jpg 1000w, https:\/\/greenrococo.hu\/wp-content\/uploads\/2021\/03\/IMG_4555-150x103.jpg 150w\" sizes=\"auto, (max-width: 1101px) 100vw, 1101px\" \/>\n\t\t\t\t\t\t\t\t\t\t\t\t\t\t<\/div>\n\t\t\t\t\t\t\t\t\t\n\t\t\t\t\t\t\t<\/div>\n\n\t\t\t\t\t<\/div>\n\t\t[\/vc_column][vc_column width=&#8221;1\/2&#8243; woodmart_bg_position=&#8221;right-center&#8221; css=&#8221;.vc_custom_1616939749624{padding-top: 0px !important;padding-right: 15px !important;padding-left: 25px !important;background-position: 0 0 !important;background-repeat: no-repeat !important;}&#8221; offset=&#8221;vc_col-lg-4 vc_col-md-6 vc_col-xs-12&#8243; mobile_bg_img_hidden=&#8221;no&#8221; tablet_bg_img_hidden=&#8221;no&#8221; woodmart_parallax=&#8221;0&#8243; woodmart_sticky_column=&#8221;true&#8221; parallax_scroll=&#8221;no&#8221; mobile_reset_margin=&#8221;no&#8221; tablet_reset_margin=&#8221;no&#8221;]<div class=\"templatera_shortcode\"><style type=\"text\/css\" data-type=\"vc_shortcodes-custom-css\">.vc_custom_1618555047408{margin-top: 0px !important;margin-bottom: 0px !important;}.vc_custom_1618554983244{margin-top: 50px !important;margin-bottom: 25px !important;}<\/style><div class=\"vc_row wpb_row vc_row-fluid kiemelt-head vc_custom_1618555047408 wd-rs-60789e36c6a09\"><div class=\"wpb_column vc_column_container vc_col-sm-12\"><div class=\"vc_column-inner\"><div class=\"wpb_wrapper\">\n\t\t<div id=\"wd-60793065bd667\" class=\"title-wrapper wd-wpb wd-set-mb reset-last-child  wd-rs-60793065bd667 wd-title-color-default wd-title-style-default text-left kiemelt-head vc_custom_1618554983244 wd-underline-colored\">\n\t\t\t\n\t\t\t<div class=\"liner-continer\">\n\t\t\t\t<h4 class=\"woodmart-title-container title  wd-font-weight-200 wd-fontsize-l\" >Kiemelt \u00f6sszetev\u0151k<\/h4>\n\t\t\t\t\t\t\t<\/div>\n\t\t\t\n\t\t\t\n\t\t\t\n\t\t<\/div>\n\t\t\n\t\t<\/div><\/div><\/div><\/div><\/div>[vc_tta_accordion style=&#8221;modern&#8221; shape=&#8221;square&#8221; color=&#8221;white&#8221; active_section=&#8221;1&#8243; no_fill=&#8221;true&#8221; collapsible_all=&#8221;true&#8221;][vc_tta_section title=&#8221;Plum seed oil&#8221; tab_id=&#8221;15c8a-5821&#8243;][vc_column_text text_larger=&#8221;no&#8221;]Rich in linoleic acid, softens the skin, strengthens the protective barrier of the skin and gives a special marzipan scent.[\/vc_column_text][\/vc_tta_section][vc_tta_section title=&#8221;Castor oil&#8221; tab_id=&#8221;1484049984302-e0b553b6-82dc5c8a-5821&#8243;][vc_column_text text_larger=&#8221;no&#8221;]Softens, moisturizes and protects eyebrow fibers and eyelashes.[\/vc_column_text][\/vc_tta_section][vc_tta_section title=&#8221;Calendula oil&#8221; tab_id=&#8221;1484057271889-b3b2ad15-15f75c8a-5821&#8243;][vc_column_text text_larger=&#8221;no&#8221; woodmart_inline=&#8221;no&#8221;]Macerate of petals and flowers soaked in cold pressed oil, anti-inflammatory, soothing, disinfecting, wound healing, exfoliating, antioxidant.[\/vc_column_text][\/vc_tta_section][vc_tta_section title=&#8221;Rosehip seed extract&#8221; tab_id=&#8221;1614807235638-ec4aa3dd-1ee3&#8243;][vc_row_inner][vc_column_inner width=&#8221;1\/2&#8243;][vc_column_text text_larger=&#8221;no&#8221;]Obtained from the seeds of rose hips by carbon dioxide extraction. Due to its essential fatty acid content (omega 6 and 3), it heals and tones skin tissue at the cellular level. Vitamin E strengthens the skin&#8217;s own antioxidant content. The content of vitamin A (trans-retinoic acid) stimulates cell regeneration and collagen production. Its carotenoid content gives the oily cleanser a beautiful light yellow color.[\/vc_column_text][vc_empty_space woodmart_hide_large=&#8221;0&#8243; woodmart_hide_medium=&#8221;0&#8243; woodmart_hide_small=&#8221;0&#8243; woodmart_hide_extra_small=&#8221;0&#8243;][\/vc_column_inner][vc_column_inner width=&#8221;1\/2&#8243;][vc_single_image image=&#8221;383&#8243; img_size=&#8221;363&#215;545&#8243; css=&#8221;.vc_custom_1617047622802{padding-right: 20px !important;padding-bottom: 20px !important;padding-left: 20px !important;}&#8221; parallax_scroll=&#8221;no&#8221;][\/vc_column_inner][\/vc_row_inner][\/vc_tta_section][vc_tta_section title=&#8221;Vitamin E&#8221; tab_id=&#8221;1617046046462-1c7010d7-bf96&#8243;][vc_column_text text_larger=&#8221;no&#8221;]Powerful antioxidant, has a positive effect on inflammation-related skin problems and also relieves the harmful effects of the sun (redness, wrinkles).[\/vc_column_text][\/vc_tta_section][\/vc_tta_accordion]\n\t\t<div id=\"wd-60608a1f0c181\" class=\"title-wrapper wd-wpb wd-set-mb reset-last-child  wd-rs-60608a1f0c181 wd-title-color-default wd-title-style-default text-left vc_custom_1616939554374 wd-underline-colored\">\n\t\t\t\n\t\t\t<div class=\"liner-continer\">\n\t\t\t\t<h4 class=\"woodmart-title-container title  wd-font-weight- wd-fontsize-l\" >Ingredients<\/h4>\n\t\t\t\t\t\t\t<\/div>\n\t\t\t\n\t\t\t\n\t\t\t\n\t\t<\/div>\n\t\t\n\t\t\t\t\t<div id=\"wd-6062306decd14\" class=\"wd-text-block-wrapper wd-wpb wd-rs-6062306decd14 color-scheme- text-left wd-width-enabled \" style=\"--wd-max-width: 90%;\">\n\t\t\t\t<div class=\"woodmart-title-container woodmart-text-block reset-last-child font-primary wd-font-weight-300 \">\n\t\t\t\t\tPrunus domestica seed oil*, Helianthus annus seed oil*, Calendula officinalis flower extract*, Polyglyceryl-4-oleate, Simmondsia Chinensis (Jojoba) Seed Oil*, Ricinus communis seed oil*, Rosa canina seed extract*, Tocopherol, Rosmarinus officinalis leaf extract.<br \/>\n*Ingredients from certified organic farming\t\t\t\t<\/div>\n\n\t\t\t\t\t\t\t<\/div>\n\t\t[\/vc_column][\/vc_row][vc_row full_width=&#8221;stretch_row&#8221; content_placement=&#8221;middle&#8221; woodmart_disable_overflow=&#8221;1&#8243; css=&#8221;.vc_custom_1614810535242{margin-bottom: 0px !important;padding-top: 3vh !important;padding-bottom: 4vh !important;background-color: #f7f7f7 !important;background-position: center !important;background-repeat: no-repeat !important;background-size: cover !important;}&#8221; mobile_bg_img_hidden=&#8221;no&#8221; tablet_bg_img_hidden=&#8221;no&#8221; woodmart_parallax=&#8221;0&#8243; woodmart_gradient_switch=&#8221;no&#8221; row_reverse_mobile=&#8221;0&#8243; row_reverse_tablet=&#8221;0&#8243;][vc_column width=&#8221;1\/4&#8243; css=&#8221;.vc_custom_1614800708616{margin-bottom: 0px !important;padding-top: 0px !important;padding-bottom: 0px !important;}&#8221; mobile_bg_img_hidden=&#8221;no&#8221; tablet_bg_img_hidden=&#8221;no&#8221; woodmart_parallax=&#8221;0&#8243; woodmart_sticky_column=&#8221;false&#8221; parallax_scroll=&#8221;no&#8221; mobile_reset_margin=&#8221;no&#8221; tablet_reset_margin=&#8221;no&#8221;]<div class=\"templatera_shortcode\"><style type=\"text\/css\" data-type=\"vc_shortcodes-custom-css\">.vc_custom_1692773704943{margin-top: 25px !important;margin-bottom: 25px !important;}<\/style><div class=\"vc_row wpb_row vc_row-fluid hasznalat-head wd-rs-60789f0adf267\"><div class=\"wpb_column vc_column_container vc_col-sm-12\"><div class=\"vc_column-inner\"><div class=\"wpb_wrapper\">\n\t\t<div id=\"wd-64e5ad44ec438\" class=\"title-wrapper wd-wpb wd-set-mb reset-last-child  wd-rs-64e5ad44ec438 wd-title-color-default wd-title-style-default text-left hasznalat-head vc_custom_1692773704943 wd-underline-colored\">\n\t\t\t\n\t\t\t<div class=\"liner-continer\">\n\t\t\t\t<h4 class=\"woodmart-title-container title  wd-font-weight-200 wd-fontsize-l\" >How to use<\/h4>\n\t\t\t\t\t\t\t<\/div>\n\t\t\t\n\t\t\t\n\t\t\t\n\t\t<\/div>\n\t\t\n\t\t<\/div><\/div><\/div><\/div>\r\n<\/div>[\/vc_column][vc_column width=&#8221;2\/4&#8243;]\t\t\t<div id=\"wd-63c681afb9c93\" class=\"wd-text-block-wrapper wd-wpb wd-rs-63c681afb9c93 color-scheme- text-left wd-width-enabled \" style=\"--wd-max-width: 90%;\">\n\t\t\t\t<div class=\"woodmart-title-container woodmart-text-block reset-last-child font-primary wd-font-weight-600 \">\n\t\t\t\t\tMassage 2-3 pumps into dry skin and along lash line to dissolve makeup and daily build-up. Add a few drops of water to create a light milk, then rinse thoroughly with water to remove. You can use it as the first step in your night time ritual. Follow on with the DETOX Clay Cleanser for a double cleanse, if needed. Shake well before use.\t\t\t\t<\/div>\n\n\t\t\t\t\t\t\t<\/div>\n\t\t[\/vc_column][vc_column width=&#8221;1\/4&#8243;][\/vc_column][\/vc_row]<\/p>\n<\/div>","protected":false},"excerpt":{"rendered":"<p><strong>Cleansing oil and make-up remover<\/strong><\/p>\n<p>50 ml &#8211; 1.8 fl.oz<\/p>\n","protected":false},"featured_media":10984,"comment_status":"open","ping_status":"closed","template":"","meta":[],"product_brand":[],"product_cat":[728],"product_tag":[],"class_list":{"0":"post-9929","1":"product","2":"type-product","3":"status-publish","4":"has-post-thumbnail","6":"product_cat-face-care","8":"first","9":"instock","10":"shipping-taxable","11":"purchasable","12":"product-type-simple"},"_links":{"self":[{"href":"https:\/\/greenrococo.hu\/en\/wp-json\/wp\/v2\/product\/9929","targetHints":{"allow":["GET"]}}],"collection":[{"href":"https:\/\/greenrococo.hu\/en\/wp-json\/wp\/v2\/product"}],"about":[{"href":"https:\/\/greenrococo.hu\/en\/wp-json\/wp\/v2\/types\/product"}],"replies":[{"embeddable":true,"href":"https:\/\/greenrococo.hu\/en\/wp-json\/wp\/v2\/comments?post=9929"}],"wp:featuredmedia":[{"embeddable":true,"href":"https:\/\/greenrococo.hu\/en\/wp-json\/wp\/v2\/media\/10984"}],"wp:attachment":[{"href":"https:\/\/greenrococo.hu\/en\/wp-json\/wp\/v2\/media?parent=9929"}],"wp:term":[{"taxonomy":"product_brand","embeddable":true,"href":"https:\/\/greenrococo.hu\/en\/wp-json\/wp\/v2\/product_brand?post=9929"},{"taxonomy":"product_cat","embeddable":true,"href":"https:\/\/greenrococo.hu\/en\/wp-json\/wp\/v2\/product_cat?post=9929"},{"taxonomy":"product_tag","embeddable":true,"href":"https:\/\/greenrococo.hu\/en\/wp-json\/wp\/v2\/product_tag?post=9929"}],"curies":[{"name":"wp","href":"https:\/\/api.w.org\/{rel}","templated":true}]}}